{"id":285,"date":"2025-03-06T16:56:34","date_gmt":"2025-03-06T16:56:34","guid":{"rendered":"http:\/\/flatto.berlin\/?page_id=285"},"modified":"2025-03-07T15:11:27","modified_gmt":"2025-03-07T15:11:27","slug":"imprint","status":"publish","type":"page","link":"http:\/\/flatto.berlin\/de\/imprint\/","title":{"rendered":"Imprint"},"content":{"rendered":"<h2 class=\"wp-block-heading has-lead-font-size\"><strong><strong>Impressum<\/strong><\/strong><\/h2>\n\n\n\n<p>Soshi Wenk<br>Reinhardtstra\u00dfe 19<br>10117 Berlin<\/p>\n\n\n\n<p>info@flatto.berlin<\/p>\n\n\n\n<p>USt-ID: DE306136086<\/p>\n\n\n\n<p>Inhaltlich Verantwortlich gem\u00e4\u00df TMG<br>Soshi Wenk<\/p>\n\n\n\n<p>Als Betroffener steht Ihnen im Falle eines datenschutzrechtlichen Versto\u00dfes ein Beschwerderecht bei der zust\u00e4ndigen Aufsichtsbeh\u00f6rde zu. Zust\u00e4ndige Aufsichtsbeh\u00f6rde bez\u00fcglich datenschutzrechtlicher Fragen ist der Landesdatenschutzbeauftragte des Bundeslandes, in dem sich der Sitz unseres Unternehmens befindet. Der folgende Link stellt eine Liste der Datenschutzbeauftragten sowie deren Kontaktdaten bereit:&nbsp;<a href=\"https:\/\/www.bfdi.bund.de\/DE\/Infothek\/Anschriften_Links\/anschriften_links-node.html\" target=\"_blank\" rel=\"noreferrer noopener\">bfdi.bund.de\/DE\/Infothek\/Anschriften_Links\/anschriften_links-node.html<\/a><\/p>","protected":false},"excerpt":{"rendered":"<p>Impressum Soshi WenkReinhardtstra\u00dfe 1910117 Berlin info@flatto.berlin USt-ID: DE306136086 Inhaltlich Verantwortlich gem\u00e4\u00df TMGSoshi Wenk Als Betroffener steht Ihnen im Falle eines datenschutzrechtlichen Versto\u00dfes ein Beschwerderecht bei der zust\u00e4ndigen Aufsichtsbeh\u00f6rde zu. Zust\u00e4ndige Aufsichtsbeh\u00f6rde bez\u00fcglich datenschutzrechtlicher Fragen ist der Landesdatenschutzbeauftragte des Bundeslandes, in dem sich der Sitz unseres Unternehmens befindet. Der folgende Link stellt eine Liste der Datenschutzbeauftragten [&hellip;]<\/p>","protected":false},"author":1,"featured_media":0,"parent":0,"menu_order":0,"comment_status":"closed","ping_status":"closed","template":"","meta":{"saved_in_kubio":true,"footnotes":""},"class_list":["post-285","page","type-page","status-publish","hentry"],"kubio_ai_page_context":{"short_desc":"","purpose":"general"},"_links":{"self":[{"href":"http:\/\/flatto.berlin\/de\/wp-json\/wp\/v2\/pages\/285","targetHints":{"allow":["GET"]}}],"collection":[{"href":"http:\/\/flatto.berlin\/de\/wp-json\/wp\/v2\/pages"}],"about":[{"href":"http:\/\/flatto.berlin\/de\/wp-json\/wp\/v2\/types\/page"}],"author":[{"embeddable":true,"href":"http:\/\/flatto.berlin\/de\/wp-json\/wp\/v2\/users\/1"}],"replies":[{"embeddable":true,"href":"http:\/\/flatto.berlin\/de\/wp-json\/wp\/v2\/comments?post=285"}],"version-history":[{"count":2,"href":"http:\/\/flatto.berlin\/de\/wp-json\/wp\/v2\/pages\/285\/revisions"}],"predecessor-version":[{"id":288,"href":"http:\/\/flatto.berlin\/de\/wp-json\/wp\/v2\/pages\/285\/revisions\/288"}],"wp:attachment":[{"href":"http:\/\/flatto.berlin\/de\/wp-json\/wp\/v2\/media?parent=285"}],"curies":[{"name":"wp","href":"https:\/\/api.w.org\/{rel}","templated":true}]}}